{"id":353,"date":"2024-04-23T11:51:30","date_gmt":"2024-04-23T11:51:30","guid":{"rendered":"https:\/\/webshop.instituutnicole.be\/?post_type=product&#038;p=353"},"modified":"2025-12-29T20:05:57","modified_gmt":"2025-12-29T20:05:57","slug":"mineral-hand-cream-2","status":"publish","type":"product","link":"https:\/\/webshop.instituutnicole.be\/?product=mineral-hand-cream-2","title":{"rendered":"Mineral Hand Cream"},"content":{"rendered":"<p><strong>MEN&#8217;S Care TIME TO ENERGIZE <\/strong><\/p>\n<p>&#8220;Deze zeer effici\u00ebnte minerale handcr\u00e8me bezorgt mijn handen de hydratatie, soepelheid en bescherming die ik verlang. De snel geabsorbeerde cr\u00e8me kalmeert en verzacht mijn droge en ruwe handen en laten hen verfrist, gevoed en verzorgd achter.<\/p>\n<p>Aromatische geuren van citrus, oceaan en natuurlijk hout geven de zintuigen een boost.&#8221;<\/p>\n<p>100 ml<\/p>\n<p>Mannenhuid<\/p>\n<p>Breng een kleine hoeveelheid aan op de handen en masseer tot ze volledig geabsorbeerd is door de huid. &#8221;<\/p>\n<p>&#8211; Parabeenvrij<br \/>\n-SLS\/SLES-vrij<br \/>\n&#8211; Getest op allergi\u00ebn<br \/>\n&#8211; Goedgekeurd voor de gevoelige huid<br \/>\n&#8211; Niet getest op dieren<br \/>\n&#8211; Geproduceerd zonder petroleum, ruwe synthetische ingredi\u00ebnten of GMO&#8217;s<br \/>\n&#8221;<\/p>\n<p>Aqua (Water), Ethylhexyl Palmitate, Cetearyl Alcohol &amp; PEG-20 Stearate, Cetyl Alcohol, Sodium Cetearyl Sulfate, Glycerin, Hamamelis Virginiana (Witch Hazel) Flower Water, Propanediol(Corn derived Glycol), Maris Sal (Dead Sea Water), Parfum (Fragrance), Allantoin, Butylene Glycol &amp; Calendula Officinalis Flower Extract &amp; Propylene Glycol, Iodopropynyl Butylcarbamate &amp; PEG-4 Laurate &amp; PEG-4 Dilaurate &amp; PEG-4, Zingiber Officinale (Ginger) Root Extract, Ginkgo Biloba Leaf Extract, Camellia Sinensis Leaf Extract, Panax Ginseng Root Extract, Methylisothiazolinone, Lactic Acid, Blue 1 (CL 42090), Alpha Isomethyl Ionone, Benzyl Salicylate, Coumarin, Eugenol, Hydroxyisohexyl 3-Cyclohexene Carboxaldehyde, Limonene, Linalool.<\/p>\n","protected":false},"excerpt":{"rendered":"<p>Snel absorberende handcr\u00e8me die ruwe handen herstelt, hydrateert en beschermt.<\/p>\n","protected":false},"featured_media":354,"comment_status":"open","ping_status":"closed","template":"","meta":[],"product_cat":[21,184,141],"product_tag":[],"class_list":{"0":"post-353","1":"product","2":"type-product","3":"status-publish","4":"has-post-thumbnail","6":"product_cat-ahava","7":"product_cat-handen-mannneverzorging","8":"product_cat-mannneverzorging","10":"first","11":"instock","12":"shipping-taxable","13":"purchasable","14":"product-type-simple"},"yoast_head":"<!-- This site is optimized with the Yoast SEO plugin v21.3 - https:\/\/yoast.com\/wordpress\/plugins\/seo\/ -->\n<title>Mineral Hand Cream - Instituut Nicole Webshop<\/title>\n<meta name=\"robots\" content=\"index, follow, max-snippet:-1, max-image-preview:large, max-video-preview:-1\" \/>\n<link rel=\"canonical\" href=\"https:\/\/webshop.instituutnicole.be\/?product=mineral-hand-cream-2\" \/>\n<meta property=\"og:locale\" content=\"nl_NL\" \/>\n<meta property=\"og:type\" content=\"article\" \/>\n<meta property=\"og:title\" content=\"Mineral Hand Cream - Instituut Nicole Webshop\" \/>\n<meta property=\"og:description\" content=\"Snel absorberende handcr\u00e8me die ruwe handen herstelt, hydrateert en beschermt.\" \/>\n<meta property=\"og:url\" content=\"https:\/\/webshop.instituutnicole.be\/?product=mineral-hand-cream-2\" \/>\n<meta property=\"og:site_name\" content=\"Instituut Nicole Webshop\" \/>\n<meta property=\"article:modified_time\" content=\"2025-12-29T20:05:57+00:00\" \/>\n<meta property=\"og:image\" content=\"https:\/\/webshop.instituutnicole.be\/wp-content\/uploads\/2024\/04\/9173df_ed0b0431170d4127bb547b62caa32dd1mv2.webp\" \/>\n\t<meta property=\"og:image:width\" content=\"580\" \/>\n\t<meta property=\"og:image:height\" content=\"420\" \/>\n\t<meta property=\"og:image:type\" content=\"image\/webp\" \/>\n<meta name=\"twitter:card\" content=\"summary_large_image\" \/>\n<meta name=\"twitter:label1\" content=\"Geschatte leestijd\" \/>\n\t<meta name=\"twitter:data1\" content=\"1 minuut\" \/>\n<script type=\"application\/ld+json\" class=\"yoast-schema-graph\">{\"@context\":\"https:\/\/schema.org\",\"@graph\":[{\"@type\":\"WebPage\",\"@id\":\"https:\/\/webshop.instituutnicole.be\/?product=mineral-hand-cream-2\",\"url\":\"https:\/\/webshop.instituutnicole.be\/?product=mineral-hand-cream-2\",\"name\":\"Mineral Hand Cream - Instituut Nicole Webshop\",\"isPartOf\":{\"@id\":\"https:\/\/webshop.instituutnicole.be\/#website\"},\"datePublished\":\"2024-04-23T11:51:30+00:00\",\"dateModified\":\"2025-12-29T20:05:57+00:00\",\"breadcrumb\":{\"@id\":\"https:\/\/webshop.instituutnicole.be\/?product=mineral-hand-cream-2#breadcrumb\"},\"inLanguage\":\"nl-NL\",\"potentialAction\":[{\"@type\":\"ReadAction\",\"target\":[\"https:\/\/webshop.instituutnicole.be\/?product=mineral-hand-cream-2\"]}]},{\"@type\":\"BreadcrumbList\",\"@id\":\"https:\/\/webshop.instituutnicole.be\/?product=mineral-hand-cream-2#breadcrumb\",\"itemListElement\":[{\"@type\":\"ListItem\",\"position\":1,\"name\":\"Home\",\"item\":\"https:\/\/webshop.instituutnicole.be\/\"},{\"@type\":\"ListItem\",\"position\":2,\"name\":\"Winkel\",\"item\":\"https:\/\/webshop.instituutnicole.be\/\"},{\"@type\":\"ListItem\",\"position\":3,\"name\":\"Mineral Hand Cream\"}]},{\"@type\":\"WebSite\",\"@id\":\"https:\/\/webshop.instituutnicole.be\/#website\",\"url\":\"https:\/\/webshop.instituutnicole.be\/\",\"name\":\"Instituut Nicole Webshop\",\"description\":\"\",\"potentialAction\":[{\"@type\":\"SearchAction\",\"target\":{\"@type\":\"EntryPoint\",\"urlTemplate\":\"https:\/\/webshop.instituutnicole.be\/?s={search_term_string}\"},\"query-input\":\"required name=search_term_string\"}],\"inLanguage\":\"nl-NL\"}]}<\/script>\n<!-- \/ Yoast SEO plugin. -->","yoast_head_json":{"title":"Mineral Hand Cream - Instituut Nicole Webshop","robots":{"index":"index","follow":"follow","max-snippet":"max-snippet:-1","max-image-preview":"max-image-preview:large","max-video-preview":"max-video-preview:-1"},"canonical":"https:\/\/webshop.instituutnicole.be\/?product=mineral-hand-cream-2","og_locale":"nl_NL","og_type":"article","og_title":"Mineral Hand Cream - Instituut Nicole Webshop","og_description":"Snel absorberende handcr\u00e8me die ruwe handen herstelt, hydrateert en beschermt.","og_url":"https:\/\/webshop.instituutnicole.be\/?product=mineral-hand-cream-2","og_site_name":"Instituut Nicole Webshop","article_modified_time":"2025-12-29T20:05:57+00:00","og_image":[{"width":580,"height":420,"url":"https:\/\/webshop.instituutnicole.be\/wp-content\/uploads\/2024\/04\/9173df_ed0b0431170d4127bb547b62caa32dd1mv2.webp","type":"image\/webp"}],"twitter_card":"summary_large_image","twitter_misc":{"Geschatte leestijd":"1 minuut"},"schema":{"@context":"https:\/\/schema.org","@graph":[{"@type":"WebPage","@id":"https:\/\/webshop.instituutnicole.be\/?product=mineral-hand-cream-2","url":"https:\/\/webshop.instituutnicole.be\/?product=mineral-hand-cream-2","name":"Mineral Hand Cream - Instituut Nicole Webshop","isPartOf":{"@id":"https:\/\/webshop.instituutnicole.be\/#website"},"datePublished":"2024-04-23T11:51:30+00:00","dateModified":"2025-12-29T20:05:57+00:00","breadcrumb":{"@id":"https:\/\/webshop.instituutnicole.be\/?product=mineral-hand-cream-2#breadcrumb"},"inLanguage":"nl-NL","potentialAction":[{"@type":"ReadAction","target":["https:\/\/webshop.instituutnicole.be\/?product=mineral-hand-cream-2"]}]},{"@type":"BreadcrumbList","@id":"https:\/\/webshop.instituutnicole.be\/?product=mineral-hand-cream-2#breadcrumb","itemListElement":[{"@type":"ListItem","position":1,"name":"Home","item":"https:\/\/webshop.instituutnicole.be\/"},{"@type":"ListItem","position":2,"name":"Winkel","item":"https:\/\/webshop.instituutnicole.be\/"},{"@type":"ListItem","position":3,"name":"Mineral Hand Cream"}]},{"@type":"WebSite","@id":"https:\/\/webshop.instituutnicole.be\/#website","url":"https:\/\/webshop.instituutnicole.be\/","name":"Instituut Nicole Webshop","description":"","potentialAction":[{"@type":"SearchAction","target":{"@type":"EntryPoint","urlTemplate":"https:\/\/webshop.instituutnicole.be\/?s={search_term_string}"},"query-input":"required name=search_term_string"}],"inLanguage":"nl-NL"}]}},"_links":{"self":[{"href":"https:\/\/webshop.instituutnicole.be\/index.php?rest_route=\/wp\/v2\/product\/353","targetHints":{"allow":["GET"]}}],"collection":[{"href":"https:\/\/webshop.instituutnicole.be\/index.php?rest_route=\/wp\/v2\/product"}],"about":[{"href":"https:\/\/webshop.instituutnicole.be\/index.php?rest_route=\/wp\/v2\/types\/product"}],"replies":[{"embeddable":true,"href":"https:\/\/webshop.instituutnicole.be\/index.php?rest_route=%2Fwp%2Fv2%2Fcomments&post=353"}],"wp:featuredmedia":[{"embeddable":true,"href":"https:\/\/webshop.instituutnicole.be\/index.php?rest_route=\/wp\/v2\/media\/354"}],"wp:attachment":[{"href":"https:\/\/webshop.instituutnicole.be\/index.php?rest_route=%2Fwp%2Fv2%2Fmedia&parent=353"}],"wp:term":[{"taxonomy":"product_cat","embeddable":true,"href":"https:\/\/webshop.instituutnicole.be\/index.php?rest_route=%2Fwp%2Fv2%2Fproduct_cat&post=353"},{"taxonomy":"product_tag","embeddable":true,"href":"https:\/\/webshop.instituutnicole.be\/index.php?rest_route=%2Fwp%2Fv2%2Fproduct_tag&post=353"}],"curies":[{"name":"wp","href":"https:\/\/api.w.org\/{rel}","templated":true}]}}